{"id":11423,"date":"2024-07-05T17:56:54","date_gmt":"2024-07-05T17:56:54","guid":{"rendered":"http:\/\/staging.deryckeverhuur.be\/klanten-portaal-login\/"},"modified":"2025-07-01T17:20:00","modified_gmt":"2025-07-01T17:20:00","slug":"klanten-portaal-login","status":"publish","type":"page","link":"http:\/\/staging.deryckeverhuur.be\/fr\/klanten-portaal-login\/","title":{"rendered":"Connexion"},"content":{"rendered":"\t\t<div data-elementor-type=\"wp-page\" data-elementor-id=\"11423\" class=\"elementor elementor-11423 elementor-3795\" data-elementor-post-type=\"page\">\n\t\t\t\t<div class=\"elementor-element elementor-element-4b8b80d e-con-full e-flex e-con e-parent\" data-id=\"4b8b80d\" data-element_type=\"container\">\n\t\t<div class=\"elementor-element elementor-element-e32f5d3 e-con-full e-flex e-con e-child\" data-id=\"e32f5d3\" data-element_type=\"container\">\n\t\t<div class=\"elementor-element elementor-element-08d3c3f e-con-full e-flex e-con e-child\" data-id=\"08d3c3f\" data-element_type=\"container\">\n\t\t\t\t<div class=\"elementor-element elementor-element-067e6a8 elementor-absolute elementor-hidden-tablet elementor-hidden-mobile elementor-widget elementor-widget-button\" data-id=\"067e6a8\" data-element_type=\"widget\" data-settings=\"{&quot;_position&quot;:&quot;absolute&quot;}\" data-widget_type=\"button.default\">\n\t\t\t\t\t\t\t\t\t\t<a class=\"elementor-button elementor-button-link elementor-size-sm\" href=\"http:\/\/staging.deryckeverhuur.be\/fr\/\">\n\t\t\t\t\t\t<span class=\"elementor-button-content-wrapper\">\n\t\t\t\t\t\t<span class=\"elementor-button-icon\">\n\t\t\t\t<svg aria-hidden=\"true\" class=\"e-font-icon-svg e-fas-chevron-left\" viewBox=\"0 0 320 512\" xmlns=\"http:\/\/www.w3.org\/2000\/svg\"><path d=\"M34.52 239.03L228.87 44.69c9.37-9.37 24.57-9.37 33.94 0l22.67 22.67c9.36 9.36 9.37 24.52.04 33.9L131.49 256l154.02 154.75c9.34 9.38 9.32 24.54-.04 33.9l-22.67 22.67c-9.37 9.37-24.57 9.37-33.94 0L34.52 272.97c-9.37-9.37-9.37-24.57 0-33.94z\"><\/path><\/svg>\t\t\t<\/span>\n\t\t\t\t\t\t\t\t\t<span class=\"elementor-button-text\">Revenir en arri\u00e8re<\/span>\n\t\t\t\t\t<\/span>\n\t\t\t\t\t<\/a>\n\t\t\t\t\t\t\t\t<\/div>\n\t\t\t\t<div class=\"elementor-element elementor-element-74c9459 elementor-widget elementor-widget-image\" data-id=\"74c9459\" data-element_type=\"widget\" data-widget_type=\"image.default\">\n\t\t\t\t\t\t\t\t\t\t\t\t\t\t\t\t<a href=\"http:\/\/staging.deryckeverhuur.be\/fr\/\">\n\t\t\t\t\t\t\t<img loading=\"lazy\" decoding=\"async\" width=\"800\" height=\"210\" src=\"http:\/\/staging.deryckeverhuur.be\/wp-content\/uploads\/2024\/04\/De-Rycke-logo-new-2.png\" class=\"attachment-full size-full wp-image-17182\" alt=\"\" srcset=\"http:\/\/staging.deryckeverhuur.be\/wp-content\/uploads\/2024\/04\/De-Rycke-logo-new-2.png 800w, http:\/\/staging.deryckeverhuur.be\/wp-content\/uploads\/2024\/04\/De-Rycke-logo-new-2-300x79.png 300w, http:\/\/staging.deryckeverhuur.be\/wp-content\/uploads\/2024\/04\/De-Rycke-logo-new-2-768x202.png 768w\" sizes=\"auto, (max-width: 800px) 100vw, 800px\" \/>\t\t\t\t\t\t\t\t<\/a>\n\t\t\t\t\t\t\t\t\t\t\t\t\t\t\t<\/div>\n\t\t\t\t<\/div>\n\t\t<div class=\"elementor-element elementor-element-e0716e7 e-con-full e-flex e-con e-child\" data-id=\"e0716e7\" data-element_type=\"container\">\n\t\t\t\t<div class=\"elementor-element elementor-element-88a4dd9 elementor-widget elementor-widget-heading\" data-id=\"88a4dd9\" data-element_type=\"widget\" data-widget_type=\"heading.default\">\n\t\t\t\t\t<h2 class=\"elementor-heading-title elementor-size-default\">Connexion \u00e0 l'espace client<\/h2>\t\t\t\t<\/div>\n\t\t\t\t<div class=\"elementor-element elementor-element-2703664 elementor-widget elementor-widget-heading\" data-id=\"2703664\" data-element_type=\"widget\" data-widget_type=\"heading.default\">\n\t\t\t\t\t<div class=\"elementor-heading-title elementor-size-default\">Connectez-vous avec vos coordonn\u00e9es<\/div>\t\t\t\t<\/div>\n\t\t\t\t<div class=\"elementor-element elementor-element-ccf1f4c elementor-button-align-stretch elementor-widget elementor-widget-login\" data-id=\"ccf1f4c\" data-element_type=\"widget\" data-widget_type=\"login.default\">\n\t\t\t\t\t\t\t<form class=\"elementor-login elementor-form\" method=\"post\" action=\"http:\/\/staging.deryckeverhuur.be\/fr\/wp-login.php\" aria-label=\"Login form\">\n\t\t\t<input type=\"hidden\" name=\"redirect_to\" value=\"http:\/\/staging.deryckeverhuur.be\/klantenzone\/\">\n\t\t\t<div class=\"elementor-form-fields-wrapper\">\n\t\t\t\t<div class=\"elementor-field-type-text elementor-field-group elementor-column elementor-col-100 elementor-field-required\">\n\t\t\t\t\t<label for=\"user-ccf1f4c\" class=\"elementor-field-label\">Adresse \u00e9lectronique<\/label>\n\t\t\t\t\t<input size=\"1\" type=\"text\" name=\"log\" id=\"user-ccf1f4c\" placeholder=\"Saisissez votre adresse e-mail\" class=\"elementor-field elementor-field-textual elementor-size-md\">\n\t\t\t\t<\/div>\n\t\t\t\t<div class=\"elementor-field-type-text elementor-field-group elementor-column elementor-col-100 elementor-field-required\">\n\t\t\t\t\t<label for=\"password-ccf1f4c\" class=\"elementor-field-label\">Mot de passe<\/label>\n\t\t\t\t\t<input size=\"1\" type=\"password\" name=\"pwd\" id=\"password-ccf1f4c\" placeholder=\"Entrez votre mot de passe\" class=\"elementor-field elementor-field-textual elementor-size-md\">\n\t\t\t\t<\/div>\n\n\t\t\t\t\t\t\t\t\t<div class=\"elementor-field-type-checkbox elementor-field-group elementor-column elementor-col-100 elementor-remember-me\">\n\t\t\t\t\t\t<label for=\"elementor-login-remember-me\">\n\t\t\t\t\t\t\t<input type=\"checkbox\" id=\"elementor-login-remember-me\" name=\"rememberme\" value=\"forever\">\n\t\t\t\t\t\t\tSe souvenir de moi\t\t\t\t\t\t<\/label>\n\t\t\t\t\t<\/div>\n\t\t\t\t\n\t\t\t\t<div class=\"elementor-field-group elementor-column elementor-field-type-submit elementor-col-100\">\n\t\t\t\t\t<button type=\"submit\" class=\"elementor-size-md elementor-button\" name=\"wp-submit\">\n\t\t\t\t\t\t\t\t\t\t\t\t\t\t\t<span class=\"elementor-button-text\">Se connecter<\/span>\n\t\t\t\t\t\t\t\t\t\t\t\t<\/button>\n\t\t\t\t<\/div>\n\n\t\t\t\t\t\t\t<\/div>\n\t\t<\/form>\n\t\t\t\t\t\t<\/div>\n\t\t\t\t<div class=\"elementor-element elementor-element-2a0677c elementor-hidden-widescreen elementor-hidden-desktop elementor-hidden-laptop elementor-widget elementor-widget-button\" data-id=\"2a0677c\" data-element_type=\"widget\" data-widget_type=\"button.default\">\n\t\t\t\t\t\t\t\t\t\t<a class=\"elementor-button elementor-button-link elementor-size-sm\" href=\"http:\/\/staging.deryckeverhuur.be\/fr\/\">\n\t\t\t\t\t\t<span class=\"elementor-button-content-wrapper\">\n\t\t\t\t\t\t<span class=\"elementor-button-icon\">\n\t\t\t\t<svg aria-hidden=\"true\" class=\"e-font-icon-svg e-fas-chevron-left\" viewBox=\"0 0 320 512\" xmlns=\"http:\/\/www.w3.org\/2000\/svg\"><path d=\"M34.52 239.03L228.87 44.69c9.37-9.37 24.57-9.37 33.94 0l22.67 22.67c9.36 9.36 9.37 24.52.04 33.9L131.49 256l154.02 154.75c9.34 9.38 9.32 24.54-.04 33.9l-22.67 22.67c-9.37 9.37-24.57 9.37-33.94 0L34.52 272.97c-9.37-9.37-9.37-24.57 0-33.94z\"><\/path><\/svg>\t\t\t<\/span>\n\t\t\t\t\t\t\t\t\t<span class=\"elementor-button-text\">Revenir en arri\u00e8re<\/span>\n\t\t\t\t\t<\/span>\n\t\t\t\t\t<\/a>\n\t\t\t\t\t\t\t\t<\/div>\n\t\t\t\t<\/div>\n\t\t<div class=\"elementor-element elementor-element-f9ad87e e-con-full elementor-hidden-tablet elementor-hidden-mobile e-flex e-con e-child\" data-id=\"f9ad87e\" data-element_type=\"container\">\n\t\t\t\t<div class=\"elementor-element elementor-element-92eab8f elementor-hidden-tablet elementor-hidden-mobile elementor-widget elementor-widget-heading\" data-id=\"92eab8f\" data-element_type=\"widget\" data-widget_type=\"heading.default\">\n\t\t\t\t\t<div class=\"elementor-heading-title elementor-size-default\">\u00a9 2025. De Rycke<\/div>\t\t\t\t<\/div>\n\t\t\t\t<\/div>\n\t\t\t\t<\/div>\n\t\t<div class=\"elementor-element elementor-element-4d0468f e-con-full e-flex e-con e-child\" data-id=\"4d0468f\" data-element_type=\"container\" data-settings=\"{&quot;background_background&quot;:&quot;classic&quot;}\">\n\t\t\t\t<div class=\"elementor-element elementor-element-977741c elementor-widget elementor-widget-spacer\" data-id=\"977741c\" data-element_type=\"widget\" data-widget_type=\"spacer.default\">\n\t\t\t\t\t\t\t<div class=\"elementor-spacer\">\n\t\t\t<div class=\"elementor-spacer-inner\"><\/div>\n\t\t<\/div>\n\t\t\t\t\t\t<\/div>\n\t\t\t\t<\/div>\n\t\t\t\t<div class=\"elementor-element elementor-element-730fc12 elementor-widget elementor-widget-html\" data-id=\"730fc12\" data-element_type=\"widget\" data-widget_type=\"html.default\">\n\t\t\t\t\t<script>document.addEventListener('DOMContentLoaded', function() {\n        const urlParams = new URLSearchParams(window.location.search);\n        if (urlParams.has('logged_out')) {\n            \/\/ Toon een toaster notificatie\n            var toast = document.createElement('div');\n            toast.textContent = 'Je bent succesvol uitgelogd.';\n            toast.style.position = 'fixed';\n            toast.style.bottom = '20px';\n            toast.style.right = '20px';\n            toast.style.padding = '10px 20px';\n            toast.style.backgroundColor = '#28a745'; \/\/ Groene achtergrondkleur\n            toast.style.color = 'white';\n            toast.style.borderRadius = '5px';\n            toast.style.boxShadow = '0 2px 10px rgba(0, 0, 0, 0.2)';\n            toast.style.zIndex = '9999';\n            document.body.appendChild(toast);\n            \n            \/\/ Verwijder de toaster notificatie na 3 seconden\n            setTimeout(function() {\n                toast.remove();\n            }, 3000);\n        }\n    });\n<\/script>\t\t\t\t<\/div>\n\t\t\t\t<\/div>\n\t\t\t\t<\/div>\n\t\t","protected":false},"excerpt":{"rendered":"<p>Revenir en arri\u00e8re Connexion \u00e0 l&rsquo;espace client Connectez-vous avec vos coordonn\u00e9es Revenir en arri\u00e8re \u00a9 2025. De Rycke<\/p>\n","protected":false},"author":1,"featured_media":0,"parent":0,"menu_order":0,"comment_status":"closed","ping_status":"closed","template":"elementor_canvas","meta":{"_acf_changed":false,"footnotes":""},"class_list":["post-11423","page","type-page","status-publish","hentry"],"acf":[],"yoast_head":"<!-- This site is optimized with the Yoast SEO plugin v27.5 - https:\/\/yoast.com\/product\/yoast-seo-wordpress\/ -->\n<title>Connexion | De Rycke Verhuur<\/title>\n<meta name=\"robots\" content=\"noindex, follow, max-snippet:-1, max-image-preview:large, max-video-preview:-1\" \/>\n<meta property=\"og:locale\" content=\"fr_FR\" \/>\n<meta property=\"og:type\" content=\"article\" \/>\n<meta property=\"og:title\" content=\"Connexion | De Rycke Verhuur\" \/>\n<meta property=\"og:description\" content=\"Revenir en arri\u00e8re Connexion \u00e0 l&rsquo;espace client Connectez-vous avec vos coordonn\u00e9es Revenir en arri\u00e8re \u00a9 2025. De Rycke\" \/>\n<meta property=\"og:url\" content=\"http:\/\/staging.deryckeverhuur.be\/fr\/klanten-portaal-login\/\" \/>\n<meta property=\"og:site_name\" content=\"De Rycke Verhuur\" \/>\n<meta property=\"article:publisher\" content=\"https:\/\/www.facebook.com\/deryckeverhuur\/\" \/>\n<meta property=\"article:modified_time\" content=\"2025-07-01T17:20:00+00:00\" \/>\n<meta property=\"og:image\" content=\"http:\/\/staging.deryckeverhuur.be\/wp-content\/uploads\/2024\/04\/De-Rycke-logo-new-2.png\" \/>\n<meta name=\"twitter:card\" content=\"summary_large_image\" \/>\n<script type=\"application\/ld+json\" class=\"yoast-schema-graph\">{\"@context\":\"https:\\\/\\\/schema.org\",\"@graph\":[{\"@type\":\"WebPage\",\"@id\":\"http:\\\/\\\/staging.deryckeverhuur.be\\\/fr\\\/klanten-portaal-login\\\/\",\"url\":\"http:\\\/\\\/staging.deryckeverhuur.be\\\/fr\\\/klanten-portaal-login\\\/\",\"name\":\"Connexion | De Rycke Verhuur\",\"isPartOf\":{\"@id\":\"http:\\\/\\\/staging.deryckeverhuur.be\\\/#website\"},\"primaryImageOfPage\":{\"@id\":\"http:\\\/\\\/staging.deryckeverhuur.be\\\/fr\\\/klanten-portaal-login\\\/#primaryimage\"},\"image\":{\"@id\":\"http:\\\/\\\/staging.deryckeverhuur.be\\\/fr\\\/klanten-portaal-login\\\/#primaryimage\"},\"thumbnailUrl\":\"http:\\\/\\\/staging.deryckeverhuur.be\\\/wp-content\\\/uploads\\\/2024\\\/04\\\/De-Rycke-logo-new-2.png\",\"datePublished\":\"2024-07-05T17:56:54+00:00\",\"dateModified\":\"2025-07-01T17:20:00+00:00\",\"breadcrumb\":{\"@id\":\"http:\\\/\\\/staging.deryckeverhuur.be\\\/fr\\\/klanten-portaal-login\\\/#breadcrumb\"},\"inLanguage\":\"fr-FR\",\"potentialAction\":[{\"@type\":\"ReadAction\",\"target\":[\"http:\\\/\\\/staging.deryckeverhuur.be\\\/fr\\\/klanten-portaal-login\\\/\"]}]},{\"@type\":\"ImageObject\",\"inLanguage\":\"fr-FR\",\"@id\":\"http:\\\/\\\/staging.deryckeverhuur.be\\\/fr\\\/klanten-portaal-login\\\/#primaryimage\",\"url\":\"http:\\\/\\\/staging.deryckeverhuur.be\\\/wp-content\\\/uploads\\\/2024\\\/04\\\/De-Rycke-logo-new-2.png\",\"contentUrl\":\"http:\\\/\\\/staging.deryckeverhuur.be\\\/wp-content\\\/uploads\\\/2024\\\/04\\\/De-Rycke-logo-new-2.png\"},{\"@type\":\"BreadcrumbList\",\"@id\":\"http:\\\/\\\/staging.deryckeverhuur.be\\\/fr\\\/klanten-portaal-login\\\/#breadcrumb\",\"itemListElement\":[{\"@type\":\"ListItem\",\"position\":1,\"name\":\"Accueil\",\"item\":\"http:\\\/\\\/staging.deryckeverhuur.be\\\/fr\\\/\"},{\"@type\":\"ListItem\",\"position\":2,\"name\":\"Connexion\"}]},{\"@type\":\"WebSite\",\"@id\":\"http:\\\/\\\/staging.deryckeverhuur.be\\\/#website\",\"url\":\"http:\\\/\\\/staging.deryckeverhuur.be\\\/\",\"name\":\"De Rycke Verhuur\",\"description\":\"\",\"publisher\":{\"@id\":\"http:\\\/\\\/staging.deryckeverhuur.be\\\/#organization\"},\"potentialAction\":[{\"@type\":\"SearchAction\",\"target\":{\"@type\":\"EntryPoint\",\"urlTemplate\":\"http:\\\/\\\/staging.deryckeverhuur.be\\\/?s={search_term_string}\"},\"query-input\":{\"@type\":\"PropertyValueSpecification\",\"valueRequired\":true,\"valueName\":\"search_term_string\"}}],\"inLanguage\":\"fr-FR\"},{\"@type\":\"Organization\",\"@id\":\"http:\\\/\\\/staging.deryckeverhuur.be\\\/#organization\",\"name\":\"De Rycke Verhuur\",\"url\":\"http:\\\/\\\/staging.deryckeverhuur.be\\\/\",\"logo\":{\"@type\":\"ImageObject\",\"inLanguage\":\"fr-FR\",\"@id\":\"http:\\\/\\\/staging.deryckeverhuur.be\\\/#\\\/schema\\\/logo\\\/image\\\/\",\"url\":\"https:\\\/\\\/www.deryckerental.be\\\/wp-content\\\/uploads\\\/2024\\\/04\\\/3f11ca52e320acac5665453f083372b2.png\",\"contentUrl\":\"https:\\\/\\\/www.deryckerental.be\\\/wp-content\\\/uploads\\\/2024\\\/04\\\/3f11ca52e320acac5665453f083372b2.png\",\"width\":2560,\"height\":624,\"caption\":\"De Rycke Verhuur\"},\"image\":{\"@id\":\"http:\\\/\\\/staging.deryckeverhuur.be\\\/#\\\/schema\\\/logo\\\/image\\\/\"},\"sameAs\":[\"https:\\\/\\\/www.facebook.com\\\/deryckeverhuur\\\/\",\"https:\\\/\\\/www.instagram.com\\\/deryckeverhuur\\\/\",\"https:\\\/\\\/www.linkedin.com\\\/company\\\/de-rycke-verhuur-bvba\\\/\"]}]}<\/script>\n<!-- \/ Yoast SEO plugin. -->","yoast_head_json":{"title":"Connexion | De Rycke Verhuur","robots":{"index":"noindex","follow":"follow","max-snippet":"max-snippet:-1","max-image-preview":"max-image-preview:large","max-video-preview":"max-video-preview:-1"},"og_locale":"fr_FR","og_type":"article","og_title":"Connexion | De Rycke Verhuur","og_description":"Revenir en arri\u00e8re Connexion \u00e0 l&rsquo;espace client Connectez-vous avec vos coordonn\u00e9es Revenir en arri\u00e8re \u00a9 2025. De Rycke","og_url":"http:\/\/staging.deryckeverhuur.be\/fr\/klanten-portaal-login\/","og_site_name":"De Rycke Verhuur","article_publisher":"https:\/\/www.facebook.com\/deryckeverhuur\/","article_modified_time":"2025-07-01T17:20:00+00:00","og_image":[{"url":"http:\/\/staging.deryckeverhuur.be\/wp-content\/uploads\/2024\/04\/De-Rycke-logo-new-2.png","type":"","width":"","height":""}],"twitter_card":"summary_large_image","schema":{"@context":"https:\/\/schema.org","@graph":[{"@type":"WebPage","@id":"http:\/\/staging.deryckeverhuur.be\/fr\/klanten-portaal-login\/","url":"http:\/\/staging.deryckeverhuur.be\/fr\/klanten-portaal-login\/","name":"Connexion | De Rycke Verhuur","isPartOf":{"@id":"http:\/\/staging.deryckeverhuur.be\/#website"},"primaryImageOfPage":{"@id":"http:\/\/staging.deryckeverhuur.be\/fr\/klanten-portaal-login\/#primaryimage"},"image":{"@id":"http:\/\/staging.deryckeverhuur.be\/fr\/klanten-portaal-login\/#primaryimage"},"thumbnailUrl":"http:\/\/staging.deryckeverhuur.be\/wp-content\/uploads\/2024\/04\/De-Rycke-logo-new-2.png","datePublished":"2024-07-05T17:56:54+00:00","dateModified":"2025-07-01T17:20:00+00:00","breadcrumb":{"@id":"http:\/\/staging.deryckeverhuur.be\/fr\/klanten-portaal-login\/#breadcrumb"},"inLanguage":"fr-FR","potentialAction":[{"@type":"ReadAction","target":["http:\/\/staging.deryckeverhuur.be\/fr\/klanten-portaal-login\/"]}]},{"@type":"ImageObject","inLanguage":"fr-FR","@id":"http:\/\/staging.deryckeverhuur.be\/fr\/klanten-portaal-login\/#primaryimage","url":"http:\/\/staging.deryckeverhuur.be\/wp-content\/uploads\/2024\/04\/De-Rycke-logo-new-2.png","contentUrl":"http:\/\/staging.deryckeverhuur.be\/wp-content\/uploads\/2024\/04\/De-Rycke-logo-new-2.png"},{"@type":"BreadcrumbList","@id":"http:\/\/staging.deryckeverhuur.be\/fr\/klanten-portaal-login\/#breadcrumb","itemListElement":[{"@type":"ListItem","position":1,"name":"Accueil","item":"http:\/\/staging.deryckeverhuur.be\/fr\/"},{"@type":"ListItem","position":2,"name":"Connexion"}]},{"@type":"WebSite","@id":"http:\/\/staging.deryckeverhuur.be\/#website","url":"http:\/\/staging.deryckeverhuur.be\/","name":"De Rycke Verhuur","description":"","publisher":{"@id":"http:\/\/staging.deryckeverhuur.be\/#organization"},"potentialAction":[{"@type":"SearchAction","target":{"@type":"EntryPoint","urlTemplate":"http:\/\/staging.deryckeverhuur.be\/?s={search_term_string}"},"query-input":{"@type":"PropertyValueSpecification","valueRequired":true,"valueName":"search_term_string"}}],"inLanguage":"fr-FR"},{"@type":"Organization","@id":"http:\/\/staging.deryckeverhuur.be\/#organization","name":"De Rycke Verhuur","url":"http:\/\/staging.deryckeverhuur.be\/","logo":{"@type":"ImageObject","inLanguage":"fr-FR","@id":"http:\/\/staging.deryckeverhuur.be\/#\/schema\/logo\/image\/","url":"https:\/\/www.deryckerental.be\/wp-content\/uploads\/2024\/04\/3f11ca52e320acac5665453f083372b2.png","contentUrl":"https:\/\/www.deryckerental.be\/wp-content\/uploads\/2024\/04\/3f11ca52e320acac5665453f083372b2.png","width":2560,"height":624,"caption":"De Rycke Verhuur"},"image":{"@id":"http:\/\/staging.deryckeverhuur.be\/#\/schema\/logo\/image\/"},"sameAs":["https:\/\/www.facebook.com\/deryckeverhuur\/","https:\/\/www.instagram.com\/deryckeverhuur\/","https:\/\/www.linkedin.com\/company\/de-rycke-verhuur-bvba\/"]}]}},"_links":{"self":[{"href":"http:\/\/staging.deryckeverhuur.be\/fr\/wp-json\/wp\/v2\/pages\/11423","targetHints":{"allow":["GET"]}}],"collection":[{"href":"http:\/\/staging.deryckeverhuur.be\/fr\/wp-json\/wp\/v2\/pages"}],"about":[{"href":"http:\/\/staging.deryckeverhuur.be\/fr\/wp-json\/wp\/v2\/types\/page"}],"author":[{"embeddable":true,"href":"http:\/\/staging.deryckeverhuur.be\/fr\/wp-json\/wp\/v2\/users\/1"}],"replies":[{"embeddable":true,"href":"http:\/\/staging.deryckeverhuur.be\/fr\/wp-json\/wp\/v2\/comments?post=11423"}],"version-history":[{"count":0,"href":"http:\/\/staging.deryckeverhuur.be\/fr\/wp-json\/wp\/v2\/pages\/11423\/revisions"}],"wp:attachment":[{"href":"http:\/\/staging.deryckeverhuur.be\/fr\/wp-json\/wp\/v2\/media?parent=11423"}],"curies":[{"name":"wp","href":"https:\/\/api.w.org\/{rel}","templated":true}]}}