{"id":11457,"date":"2024-04-23T22:00:58","date_gmt":"2024-04-23T22:00:58","guid":{"rendered":"http:\/\/staging.deryckeverhuur.be\/huren\/grond-weg-en-spoorbouw\/"},"modified":"2024-12-03T20:27:45","modified_gmt":"2024-12-03T20:27:45","slug":"terrassement-construction-routiere-hydraulique-et-ferroviaire","status":"publish","type":"page","link":"https:\/\/staging.deryckeverhuur.be\/fr\/louer\/terrassement-construction-routiere-hydraulique-et-ferroviaire\/","title":{"rendered":"Terrassement, construction routi\u00e8re, hydraulique et ferroviaire"},"content":{"rendered":"\t\t<div data-elementor-type=\"wp-page\" data-elementor-id=\"11457\" class=\"elementor elementor-11457 elementor-1322\" data-elementor-post-type=\"page\">\n\t\t\t\t<div class=\"elementor-element elementor-element-cb15f56 e-flex e-con-boxed e-con e-parent\" data-id=\"cb15f56\" data-element_type=\"container\" data-settings=\"{&quot;background_background&quot;:&quot;classic&quot;}\">\n\t\t\t\t\t<div class=\"e-con-inner\">\n\t\t<div class=\"elementor-element elementor-element-93850a9 e-con-full e-flex e-con e-child\" data-id=\"93850a9\" data-element_type=\"container\">\n\t\t\t\t<div class=\"elementor-element elementor-element-22a1da0 back-history elementor-invisible elementor-widget elementor-widget-button\" data-id=\"22a1da0\" data-element_type=\"widget\" data-settings=\"{&quot;_animation&quot;:&quot;fadeInUp&quot;,&quot;_animation_delay&quot;:200}\" data-widget_type=\"button.default\">\n\t\t\t\t\t\t\t\t\t\t<a class=\"elementor-button elementor-button-link elementor-size-sm\" href=\"#\">\n\t\t\t\t\t\t<span class=\"elementor-button-content-wrapper\">\n\t\t\t\t\t\t<span class=\"elementor-button-icon\">\n\t\t\t\t<svg aria-hidden=\"true\" class=\"e-font-icon-svg e-fas-chevron-left\" viewBox=\"0 0 320 512\" xmlns=\"http:\/\/www.w3.org\/2000\/svg\"><path d=\"M34.52 239.03L228.87 44.69c9.37-9.37 24.57-9.37 33.94 0l22.67 22.67c9.36 9.36 9.37 24.52.04 33.9L131.49 256l154.02 154.75c9.34 9.38 9.32 24.54-.04 33.9l-22.67 22.67c-9.37 9.37-24.57 9.37-33.94 0L34.52 272.97c-9.37-9.37-9.37-24.57 0-33.94z\"><\/path><\/svg>\t\t\t<\/span>\n\t\t\t\t\t\t\t\t\t<span class=\"elementor-button-text\">Retournez aux secteurs<\/span>\n\t\t\t\t\t<\/span>\n\t\t\t\t\t<\/a>\n\t\t\t\t\t\t\t\t<\/div>\n\t\t\t\t<div class=\"elementor-element elementor-element-57009ac elementor-widget__width-initial elementor-widget-mobile__width-inherit elementor-invisible elementor-widget elementor-widget-heading\" data-id=\"57009ac\" data-element_type=\"widget\" data-settings=\"{&quot;_animation&quot;:&quot;fadeInUp&quot;,&quot;_animation_delay&quot;:400}\" data-widget_type=\"heading.default\">\n\t\t\t\t\t<h2 class=\"elementor-heading-title elementor-size-default\">D\u00e9couvrez nos machines que vous pouvez louer <b>pour le g\u00e9nie civil, la construction routi\u00e8re et ferroviaire<\/b><\/h2>\t\t\t\t<\/div>\n\t\t\t\t<\/div>\n\t\t<div class=\"elementor-element elementor-element-ca5a424 e-con-full e-flex elementor-invisible e-con e-child\" data-id=\"ca5a424\" data-element_type=\"container\" data-settings=\"{&quot;animation&quot;:&quot;fadeInUp&quot;,&quot;animation_delay&quot;:600}\">\n\t\t<div class=\"elementor-element elementor-element-d83741f e-con-full e-flex e-con e-child\" data-id=\"d83741f\" data-element_type=\"container\" data-settings=\"{&quot;background_background&quot;:&quot;classic&quot;}\">\n\t\t<div class=\"elementor-element elementor-element-3640d05 e-con-full e-flex e-con e-child\" data-id=\"3640d05\" data-element_type=\"container\">\n\t\t\t\t<div class=\"elementor-element elementor-element-ef54a0a elementor-widget elementor-widget-heading\" data-id=\"ef54a0a\" data-element_type=\"widget\" data-widget_type=\"heading.default\">\n\t\t\t\t\t<h5 class=\"elementor-heading-title elementor-size-default\">Travaux de terrassement<\/h5>\t\t\t\t<\/div>\n\t\t\t\t<div class=\"elementor-element elementor-element-c7e8534 elementor-widget elementor-widget-heading\" data-id=\"c7e8534\" data-element_type=\"widget\" data-widget_type=\"heading.default\">\n\t\t\t\t\t<p class=\"elementor-heading-title elementor-size-default\">Avez-vous besoin de creuser un trou ou une tranch\u00e9e ? Avez-vous besoin de d\u00e9placer la terre que vous avez creus\u00e9 ? Nous disposons dans notre parc de location des engins adapt\u00e9s \u00e0 tous ces travaux.   <\/p>\t\t\t\t<\/div>\n\t\t\t\t<div class=\"elementor-element elementor-element-110389a elementor-widget elementor-widget-button\" data-id=\"110389a\" data-element_type=\"widget\" data-widget_type=\"button.default\">\n\t\t\t\t\t\t\t\t\t\t<a class=\"elementor-button elementor-button-link elementor-size-sm\" href=\"http:\/\/staging.deryckeverhuur.be\/fr\/sector\/travaux-de-terrassement\/\">\n\t\t\t\t\t\t<span class=\"elementor-button-content-wrapper\">\n\t\t\t\t\t\t<span class=\"elementor-button-icon\">\n\t\t\t\t<svg aria-hidden=\"true\" class=\"e-font-icon-svg e-fas-chevron-right\" viewBox=\"0 0 320 512\" xmlns=\"http:\/\/www.w3.org\/2000\/svg\"><path d=\"M285.476 272.971L91.132 467.314c-9.373 9.373-24.569 9.373-33.941 0l-22.667-22.667c-9.357-9.357-9.375-24.522-.04-33.901L188.505 256 34.484 101.255c-9.335-9.379-9.317-24.544.04-33.901l22.667-22.667c9.373-9.373 24.569-9.373 33.941 0L285.475 239.03c9.373 9.372 9.373 24.568.001 33.941z\"><\/path><\/svg>\t\t\t<\/span>\n\t\t\t\t\t\t\t\t\t<span class=\"elementor-button-text\">Voir options<\/span>\n\t\t\t\t\t<\/span>\n\t\t\t\t\t<\/a>\n\t\t\t\t\t\t\t\t<\/div>\n\t\t\t\t<\/div>\n\t\t<div class=\"elementor-element elementor-element-a69af6d e-con-full e-flex e-con e-child\" data-id=\"a69af6d\" data-element_type=\"container\" data-settings=\"{&quot;background_background&quot;:&quot;classic&quot;}\">\n\t\t\t\t<div class=\"elementor-element elementor-element-ab3817b elementor-widget elementor-widget-spacer\" data-id=\"ab3817b\" data-element_type=\"widget\" data-widget_type=\"spacer.default\">\n\t\t\t\t\t\t\t<div class=\"elementor-spacer\">\n\t\t\t<div class=\"elementor-spacer-inner\"><\/div>\n\t\t<\/div>\n\t\t\t\t\t\t<\/div>\n\t\t\t\t<\/div>\n\t\t\t\t<\/div>\n\t\t<div class=\"elementor-element elementor-element-9dc6413 e-con-full e-flex e-con e-child\" data-id=\"9dc6413\" data-element_type=\"container\" data-settings=\"{&quot;background_background&quot;:&quot;classic&quot;}\">\n\t\t<div class=\"elementor-element elementor-element-64cfa2e e-con-full e-flex e-con e-child\" data-id=\"64cfa2e\" data-element_type=\"container\">\n\t\t\t\t<div class=\"elementor-element elementor-element-92ca88d elementor-widget elementor-widget-heading\" data-id=\"92ca88d\" data-element_type=\"widget\" data-widget_type=\"heading.default\">\n\t\t\t\t\t<h5 class=\"elementor-heading-title elementor-size-default\">Construction routi\u00e8re<\/h5>\t\t\t\t<\/div>\n\t\t\t\t<div class=\"elementor-element elementor-element-b1b12a8 elementor-widget elementor-widget-heading\" data-id=\"b1b12a8\" data-element_type=\"widget\" data-widget_type=\"heading.default\">\n\t\t\t\t\t<p class=\"elementor-heading-title elementor-size-default\">Souhaitez-vous contribuer \u00e0 l\u2019am\u00e9lioration de notre fantastique r\u00e9seau routier ? Que vous ayez besoin d'un rouleau, d'une pelleteuse ou autre, nous vous aiderons \u00e0 r\u00e9aliser ce travail avec nos engins.  <\/p>\t\t\t\t<\/div>\n\t\t\t\t<div class=\"elementor-element elementor-element-449808c elementor-widget elementor-widget-button\" data-id=\"449808c\" data-element_type=\"widget\" data-widget_type=\"button.default\">\n\t\t\t\t\t\t\t\t\t\t<a class=\"elementor-button elementor-button-link elementor-size-sm\" href=\"http:\/\/staging.deryckeverhuur.be\/fr\/sector\/construction-routiere\/\">\n\t\t\t\t\t\t<span class=\"elementor-button-content-wrapper\">\n\t\t\t\t\t\t<span class=\"elementor-button-icon\">\n\t\t\t\t<svg aria-hidden=\"true\" class=\"e-font-icon-svg e-fas-chevron-right\" viewBox=\"0 0 320 512\" xmlns=\"http:\/\/www.w3.org\/2000\/svg\"><path d=\"M285.476 272.971L91.132 467.314c-9.373 9.373-24.569 9.373-33.941 0l-22.667-22.667c-9.357-9.357-9.375-24.522-.04-33.901L188.505 256 34.484 101.255c-9.335-9.379-9.317-24.544.04-33.901l22.667-22.667c9.373-9.373 24.569-9.373 33.941 0L285.475 239.03c9.373 9.372 9.373 24.568.001 33.941z\"><\/path><\/svg>\t\t\t<\/span>\n\t\t\t\t\t\t\t\t\t<span class=\"elementor-button-text\">Voir options<\/span>\n\t\t\t\t\t<\/span>\n\t\t\t\t\t<\/a>\n\t\t\t\t\t\t\t\t<\/div>\n\t\t\t\t<\/div>\n\t\t<div class=\"elementor-element elementor-element-f3e4680 e-con-full e-flex e-con e-child\" data-id=\"f3e4680\" data-element_type=\"container\" data-settings=\"{&quot;background_background&quot;:&quot;classic&quot;}\">\n\t\t\t\t<div class=\"elementor-element elementor-element-6b7db4b elementor-widget elementor-widget-spacer\" data-id=\"6b7db4b\" data-element_type=\"widget\" data-widget_type=\"spacer.default\">\n\t\t\t\t\t\t\t<div class=\"elementor-spacer\">\n\t\t\t<div class=\"elementor-spacer-inner\"><\/div>\n\t\t<\/div>\n\t\t\t\t\t\t<\/div>\n\t\t\t\t<\/div>\n\t\t\t\t<\/div>\n\t\t\t\t<\/div>\n\t\t<div class=\"elementor-element elementor-element-5baff93 e-con-full e-flex elementor-invisible e-con e-child\" data-id=\"5baff93\" data-element_type=\"container\" data-settings=\"{&quot;animation&quot;:&quot;fadeInUp&quot;,&quot;animation_delay&quot;:800}\">\n\t\t<div class=\"elementor-element elementor-element-befb770 e-con-full e-flex e-con e-child\" data-id=\"befb770\" data-element_type=\"container\" data-settings=\"{&quot;background_background&quot;:&quot;classic&quot;}\">\n\t\t<div class=\"elementor-element elementor-element-4a01bf5 e-con-full e-flex e-con e-child\" data-id=\"4a01bf5\" data-element_type=\"container\">\n\t\t\t\t<div class=\"elementor-element elementor-element-2c3c81b elementor-widget elementor-widget-heading\" data-id=\"2c3c81b\" data-element_type=\"widget\" data-widget_type=\"heading.default\">\n\t\t\t\t\t<h5 class=\"elementor-heading-title elementor-size-default\">Construction hydraulique<\/h5>\t\t\t\t<\/div>\n\t\t\t\t<div class=\"elementor-element elementor-element-e4cc530 elementor-widget elementor-widget-heading\" data-id=\"e4cc530\" data-element_type=\"widget\" data-widget_type=\"heading.default\">\n\t\t\t\t\t<p class=\"elementor-heading-title elementor-size-default\">Nos voies navigables repr\u00e9sentent une part importante de la distribution europ\u00e9enne, c'est pourquoi nous sommes heureux et fiers de vous aider \u00e0 trouver ensemble une solution adapt\u00e9e. <\/p>\t\t\t\t<\/div>\n\t\t\t\t<div class=\"elementor-element elementor-element-9aae6ca elementor-widget elementor-widget-button\" data-id=\"9aae6ca\" data-element_type=\"widget\" data-widget_type=\"button.default\">\n\t\t\t\t\t\t\t\t\t\t<a class=\"elementor-button elementor-button-link elementor-size-sm\" href=\"http:\/\/staging.deryckeverhuur.be\/fr\/sector\/construction-hydraulique\/\">\n\t\t\t\t\t\t<span class=\"elementor-button-content-wrapper\">\n\t\t\t\t\t\t<span class=\"elementor-button-icon\">\n\t\t\t\t<svg aria-hidden=\"true\" class=\"e-font-icon-svg e-fas-chevron-right\" viewBox=\"0 0 320 512\" xmlns=\"http:\/\/www.w3.org\/2000\/svg\"><path d=\"M285.476 272.971L91.132 467.314c-9.373 9.373-24.569 9.373-33.941 0l-22.667-22.667c-9.357-9.357-9.375-24.522-.04-33.901L188.505 256 34.484 101.255c-9.335-9.379-9.317-24.544.04-33.901l22.667-22.667c9.373-9.373 24.569-9.373 33.941 0L285.475 239.03c9.373 9.372 9.373 24.568.001 33.941z\"><\/path><\/svg>\t\t\t<\/span>\n\t\t\t\t\t\t\t\t\t<span class=\"elementor-button-text\">Voir options<\/span>\n\t\t\t\t\t<\/span>\n\t\t\t\t\t<\/a>\n\t\t\t\t\t\t\t\t<\/div>\n\t\t\t\t<\/div>\n\t\t<div class=\"elementor-element elementor-element-66b1e43 e-con-full e-flex e-con e-child\" data-id=\"66b1e43\" data-element_type=\"container\" data-settings=\"{&quot;background_background&quot;:&quot;classic&quot;}\">\n\t\t\t\t<div class=\"elementor-element elementor-element-7fb72b3 elementor-widget elementor-widget-spacer\" data-id=\"7fb72b3\" data-element_type=\"widget\" data-widget_type=\"spacer.default\">\n\t\t\t\t\t\t\t<div class=\"elementor-spacer\">\n\t\t\t<div class=\"elementor-spacer-inner\"><\/div>\n\t\t<\/div>\n\t\t\t\t\t\t<\/div>\n\t\t\t\t<\/div>\n\t\t\t\t<\/div>\n\t\t<div class=\"elementor-element elementor-element-fc7f940 e-con-full e-flex e-con e-child\" data-id=\"fc7f940\" data-element_type=\"container\" data-settings=\"{&quot;background_background&quot;:&quot;classic&quot;}\">\n\t\t<div class=\"elementor-element elementor-element-40d5d3b e-con-full e-flex e-con e-child\" data-id=\"40d5d3b\" data-element_type=\"container\">\n\t\t\t\t<div class=\"elementor-element elementor-element-69b293a elementor-widget elementor-widget-heading\" data-id=\"69b293a\" data-element_type=\"widget\" data-widget_type=\"heading.default\">\n\t\t\t\t\t<h5 class=\"elementor-heading-title elementor-size-default\">Construction ferroviaire<\/h5>\t\t\t\t<\/div>\n\t\t\t\t<div class=\"elementor-element elementor-element-f3758fb elementor-widget elementor-widget-heading\" data-id=\"f3758fb\" data-element_type=\"widget\" data-widget_type=\"heading.default\">\n\t\t\t\t\t<p class=\"elementor-heading-title elementor-size-default\"> Qu'il s'agisse d'une voie ferr\u00e9e, d'une ligne de m\u00e9tro ou d'une ligne de tramway, nous disposons du savoir-faire et des engins pour vous aider \u00e0 redonner vie aux voies en douceur et en toute s\u00e9curit\u00e9.<\/p>\t\t\t\t<\/div>\n\t\t\t\t<div class=\"elementor-element elementor-element-4114a1b elementor-widget elementor-widget-button\" data-id=\"4114a1b\" data-element_type=\"widget\" data-widget_type=\"button.default\">\n\t\t\t\t\t\t\t\t\t\t<a class=\"elementor-button elementor-button-link elementor-size-sm\" href=\"http:\/\/staging.deryckeverhuur.be\/fr\/sector\/construction-ferroviaire\/\">\n\t\t\t\t\t\t<span class=\"elementor-button-content-wrapper\">\n\t\t\t\t\t\t<span class=\"elementor-button-icon\">\n\t\t\t\t<svg aria-hidden=\"true\" class=\"e-font-icon-svg e-fas-chevron-right\" viewBox=\"0 0 320 512\" xmlns=\"http:\/\/www.w3.org\/2000\/svg\"><path d=\"M285.476 272.971L91.132 467.314c-9.373 9.373-24.569 9.373-33.941 0l-22.667-22.667c-9.357-9.357-9.375-24.522-.04-33.901L188.505 256 34.484 101.255c-9.335-9.379-9.317-24.544.04-33.901l22.667-22.667c9.373-9.373 24.569-9.373 33.941 0L285.475 239.03c9.373 9.372 9.373 24.568.001 33.941z\"><\/path><\/svg>\t\t\t<\/span>\n\t\t\t\t\t\t\t\t\t<span class=\"elementor-button-text\">Voir options<\/span>\n\t\t\t\t\t<\/span>\n\t\t\t\t\t<\/a>\n\t\t\t\t\t\t\t\t<\/div>\n\t\t\t\t<\/div>\n\t\t<div class=\"elementor-element elementor-element-ada9003 e-con-full e-flex e-con e-child\" data-id=\"ada9003\" data-element_type=\"container\" data-settings=\"{&quot;background_background&quot;:&quot;classic&quot;}\">\n\t\t\t\t<div class=\"elementor-element elementor-element-bff092e elementor-widget elementor-widget-spacer\" data-id=\"bff092e\" data-element_type=\"widget\" data-widget_type=\"spacer.default\">\n\t\t\t\t\t\t\t<div class=\"elementor-spacer\">\n\t\t\t<div class=\"elementor-spacer-inner\"><\/div>\n\t\t<\/div>\n\t\t\t\t\t\t<\/div>\n\t\t\t\t<\/div>\n\t\t\t\t<\/div>\n\t\t\t\t<\/div>\n\t\t\t\t\t<\/div>\n\t\t\t\t<\/div>\n\t\t\t\t<\/div>\n\t\t","protected":false},"excerpt":{"rendered":"<p>Retournez aux secteurs D\u00e9couvrez nos machines que vous pouvez louer pour le g\u00e9nie civil, la construction routi\u00e8re et ferroviaire Travaux de terrassement Avez-vous besoin de creuser un trou ou une tranch\u00e9e ? Avez-vous besoin de d\u00e9placer la terre que vous avez creus\u00e9 ? Nous disposons dans notre parc de location des engins adapt\u00e9s \u00e0 tous [&hellip;]<\/p>\n","protected":false},"author":1,"featured_media":0,"parent":11455,"menu_order":5,"comment_status":"closed","ping_status":"closed","template":"elementor_header_footer","meta":{"_acf_changed":false,"footnotes":""},"class_list":["post-11457","page","type-page","status-publish","hentry"],"acf":[],"yoast_head":"<!-- This site is optimized with the Yoast SEO plugin v27.5 - https:\/\/yoast.com\/product\/yoast-seo-wordpress\/ -->\n<title>Terrassement, construction routi\u00e8re, hydraulique et ferroviaire | De Rycke Verhuur<\/title>\n<meta name=\"description\" content=\"Retournez aux secteurs D\u00e9couvrez nos machines que vous pouvez louer pour le g\u00e9nie civil, la construction routi\u00e8re et ferroviaire Travaux de terrassement - De Rycke Verhuur\" \/>\n<meta name=\"robots\" content=\"noindex, follow, max-snippet:-1, max-image-preview:large, max-video-preview:-1\" \/>\n<meta property=\"og:locale\" content=\"fr_FR\" \/>\n<meta property=\"og:type\" content=\"article\" \/>\n<meta property=\"og:title\" content=\"Terrassement, construction routi\u00e8re, hydraulique et ferroviaire | De Rycke Verhuur\" \/>\n<meta property=\"og:description\" content=\"Retournez aux secteurs D\u00e9couvrez nos machines que vous pouvez louer pour le g\u00e9nie civil, la construction routi\u00e8re et ferroviaire Travaux de terrassement - De Rycke Verhuur\" \/>\n<meta property=\"og:url\" content=\"https:\/\/staging.deryckeverhuur.be\/fr\/louer\/terrassement-construction-routiere-hydraulique-et-ferroviaire\/\" \/>\n<meta property=\"og:site_name\" content=\"De Rycke Verhuur\" \/>\n<meta property=\"article:publisher\" content=\"https:\/\/www.facebook.com\/deryckeverhuur\/\" \/>\n<meta property=\"article:modified_time\" content=\"2024-12-03T20:27:45+00:00\" \/>\n<meta property=\"og:image\" content=\"https:\/\/staging.deryckeverhuur.be\/wp-content\/uploads\/2024\/10\/Capture21-1206x800-1.png\" \/>\n\t<meta property=\"og:image:width\" content=\"1206\" \/>\n\t<meta property=\"og:image:height\" content=\"800\" \/>\n\t<meta property=\"og:image:type\" content=\"image\/png\" \/>\n<meta name=\"twitter:card\" content=\"summary_large_image\" \/>\n<meta name=\"twitter:label1\" content=\"Dur\u00e9e de lecture estim\u00e9e\" \/>\n\t<meta name=\"twitter:data1\" content=\"1 minute\" \/>\n<script type=\"application\/ld+json\" class=\"yoast-schema-graph\">{\"@context\":\"https:\\\/\\\/schema.org\",\"@graph\":[{\"@type\":\"WebPage\",\"@id\":\"https:\\\/\\\/staging.deryckeverhuur.be\\\/fr\\\/louer\\\/terrassement-construction-routiere-hydraulique-et-ferroviaire\\\/\",\"url\":\"https:\\\/\\\/staging.deryckeverhuur.be\\\/fr\\\/louer\\\/terrassement-construction-routiere-hydraulique-et-ferroviaire\\\/\",\"name\":\"Terrassement, construction routi\u00e8re, hydraulique et ferroviaire | De Rycke Verhuur\",\"isPartOf\":{\"@id\":\"http:\\\/\\\/staging.deryckeverhuur.be\\\/#website\"},\"datePublished\":\"2024-04-23T22:00:58+00:00\",\"dateModified\":\"2024-12-03T20:27:45+00:00\",\"description\":\"Retournez aux secteurs D\u00e9couvrez nos machines que vous pouvez louer pour le g\u00e9nie civil, la construction routi\u00e8re et ferroviaire Travaux de terrassement - De Rycke Verhuur\",\"breadcrumb\":{\"@id\":\"https:\\\/\\\/staging.deryckeverhuur.be\\\/fr\\\/louer\\\/terrassement-construction-routiere-hydraulique-et-ferroviaire\\\/#breadcrumb\"},\"inLanguage\":\"fr-FR\",\"potentialAction\":[{\"@type\":\"ReadAction\",\"target\":[\"https:\\\/\\\/staging.deryckeverhuur.be\\\/fr\\\/louer\\\/terrassement-construction-routiere-hydraulique-et-ferroviaire\\\/\"]}]},{\"@type\":\"BreadcrumbList\",\"@id\":\"https:\\\/\\\/staging.deryckeverhuur.be\\\/fr\\\/louer\\\/terrassement-construction-routiere-hydraulique-et-ferroviaire\\\/#breadcrumb\",\"itemListElement\":[{\"@type\":\"ListItem\",\"position\":1,\"name\":\"Accueil\",\"item\":\"http:\\\/\\\/staging.deryckeverhuur.be\\\/fr\\\/\"},{\"@type\":\"ListItem\",\"position\":2,\"name\":\"Louer\",\"item\":\"https:\\\/\\\/staging.deryckeverhuur.be\\\/fr\\\/louer\\\/\"},{\"@type\":\"ListItem\",\"position\":3,\"name\":\"Terrassement, construction routi\u00e8re, hydraulique et ferroviaire\"}]},{\"@type\":\"WebSite\",\"@id\":\"http:\\\/\\\/staging.deryckeverhuur.be\\\/#website\",\"url\":\"http:\\\/\\\/staging.deryckeverhuur.be\\\/\",\"name\":\"De Rycke Verhuur\",\"description\":\"\",\"publisher\":{\"@id\":\"http:\\\/\\\/staging.deryckeverhuur.be\\\/#organization\"},\"potentialAction\":[{\"@type\":\"SearchAction\",\"target\":{\"@type\":\"EntryPoint\",\"urlTemplate\":\"http:\\\/\\\/staging.deryckeverhuur.be\\\/?s={search_term_string}\"},\"query-input\":{\"@type\":\"PropertyValueSpecification\",\"valueRequired\":true,\"valueName\":\"search_term_string\"}}],\"inLanguage\":\"fr-FR\"},{\"@type\":\"Organization\",\"@id\":\"http:\\\/\\\/staging.deryckeverhuur.be\\\/#organization\",\"name\":\"De Rycke Verhuur\",\"url\":\"http:\\\/\\\/staging.deryckeverhuur.be\\\/\",\"logo\":{\"@type\":\"ImageObject\",\"inLanguage\":\"fr-FR\",\"@id\":\"http:\\\/\\\/staging.deryckeverhuur.be\\\/#\\\/schema\\\/logo\\\/image\\\/\",\"url\":\"https:\\\/\\\/www.deryckerental.be\\\/wp-content\\\/uploads\\\/2024\\\/04\\\/3f11ca52e320acac5665453f083372b2.png\",\"contentUrl\":\"https:\\\/\\\/www.deryckerental.be\\\/wp-content\\\/uploads\\\/2024\\\/04\\\/3f11ca52e320acac5665453f083372b2.png\",\"width\":2560,\"height\":624,\"caption\":\"De Rycke Verhuur\"},\"image\":{\"@id\":\"http:\\\/\\\/staging.deryckeverhuur.be\\\/#\\\/schema\\\/logo\\\/image\\\/\"},\"sameAs\":[\"https:\\\/\\\/www.facebook.com\\\/deryckeverhuur\\\/\",\"https:\\\/\\\/www.instagram.com\\\/deryckeverhuur\\\/\",\"https:\\\/\\\/www.linkedin.com\\\/company\\\/de-rycke-verhuur-bvba\\\/\"]}]}<\/script>\n<!-- \/ Yoast SEO plugin. -->","yoast_head_json":{"title":"Terrassement, construction routi\u00e8re, hydraulique et ferroviaire | De Rycke Verhuur","description":"Retournez aux secteurs D\u00e9couvrez nos machines que vous pouvez louer pour le g\u00e9nie civil, la construction routi\u00e8re et ferroviaire Travaux de terrassement - De Rycke Verhuur","robots":{"index":"noindex","follow":"follow","max-snippet":"max-snippet:-1","max-image-preview":"max-image-preview:large","max-video-preview":"max-video-preview:-1"},"og_locale":"fr_FR","og_type":"article","og_title":"Terrassement, construction routi\u00e8re, hydraulique et ferroviaire | De Rycke Verhuur","og_description":"Retournez aux secteurs D\u00e9couvrez nos machines que vous pouvez louer pour le g\u00e9nie civil, la construction routi\u00e8re et ferroviaire Travaux de terrassement - De Rycke Verhuur","og_url":"https:\/\/staging.deryckeverhuur.be\/fr\/louer\/terrassement-construction-routiere-hydraulique-et-ferroviaire\/","og_site_name":"De Rycke Verhuur","article_publisher":"https:\/\/www.facebook.com\/deryckeverhuur\/","article_modified_time":"2024-12-03T20:27:45+00:00","og_image":[{"width":1206,"height":800,"url":"https:\/\/staging.deryckeverhuur.be\/wp-content\/uploads\/2024\/10\/Capture21-1206x800-1.png","type":"image\/png"}],"twitter_card":"summary_large_image","twitter_misc":{"Dur\u00e9e de lecture estim\u00e9e":"1 minute"},"schema":{"@context":"https:\/\/schema.org","@graph":[{"@type":"WebPage","@id":"https:\/\/staging.deryckeverhuur.be\/fr\/louer\/terrassement-construction-routiere-hydraulique-et-ferroviaire\/","url":"https:\/\/staging.deryckeverhuur.be\/fr\/louer\/terrassement-construction-routiere-hydraulique-et-ferroviaire\/","name":"Terrassement, construction routi\u00e8re, hydraulique et ferroviaire | De Rycke Verhuur","isPartOf":{"@id":"http:\/\/staging.deryckeverhuur.be\/#website"},"datePublished":"2024-04-23T22:00:58+00:00","dateModified":"2024-12-03T20:27:45+00:00","description":"Retournez aux secteurs D\u00e9couvrez nos machines que vous pouvez louer pour le g\u00e9nie civil, la construction routi\u00e8re et ferroviaire Travaux de terrassement - De Rycke Verhuur","breadcrumb":{"@id":"https:\/\/staging.deryckeverhuur.be\/fr\/louer\/terrassement-construction-routiere-hydraulique-et-ferroviaire\/#breadcrumb"},"inLanguage":"fr-FR","potentialAction":[{"@type":"ReadAction","target":["https:\/\/staging.deryckeverhuur.be\/fr\/louer\/terrassement-construction-routiere-hydraulique-et-ferroviaire\/"]}]},{"@type":"BreadcrumbList","@id":"https:\/\/staging.deryckeverhuur.be\/fr\/louer\/terrassement-construction-routiere-hydraulique-et-ferroviaire\/#breadcrumb","itemListElement":[{"@type":"ListItem","position":1,"name":"Accueil","item":"http:\/\/staging.deryckeverhuur.be\/fr\/"},{"@type":"ListItem","position":2,"name":"Louer","item":"https:\/\/staging.deryckeverhuur.be\/fr\/louer\/"},{"@type":"ListItem","position":3,"name":"Terrassement, construction routi\u00e8re, hydraulique et ferroviaire"}]},{"@type":"WebSite","@id":"http:\/\/staging.deryckeverhuur.be\/#website","url":"http:\/\/staging.deryckeverhuur.be\/","name":"De Rycke Verhuur","description":"","publisher":{"@id":"http:\/\/staging.deryckeverhuur.be\/#organization"},"potentialAction":[{"@type":"SearchAction","target":{"@type":"EntryPoint","urlTemplate":"http:\/\/staging.deryckeverhuur.be\/?s={search_term_string}"},"query-input":{"@type":"PropertyValueSpecification","valueRequired":true,"valueName":"search_term_string"}}],"inLanguage":"fr-FR"},{"@type":"Organization","@id":"http:\/\/staging.deryckeverhuur.be\/#organization","name":"De Rycke Verhuur","url":"http:\/\/staging.deryckeverhuur.be\/","logo":{"@type":"ImageObject","inLanguage":"fr-FR","@id":"http:\/\/staging.deryckeverhuur.be\/#\/schema\/logo\/image\/","url":"https:\/\/www.deryckerental.be\/wp-content\/uploads\/2024\/04\/3f11ca52e320acac5665453f083372b2.png","contentUrl":"https:\/\/www.deryckerental.be\/wp-content\/uploads\/2024\/04\/3f11ca52e320acac5665453f083372b2.png","width":2560,"height":624,"caption":"De Rycke Verhuur"},"image":{"@id":"http:\/\/staging.deryckeverhuur.be\/#\/schema\/logo\/image\/"},"sameAs":["https:\/\/www.facebook.com\/deryckeverhuur\/","https:\/\/www.instagram.com\/deryckeverhuur\/","https:\/\/www.linkedin.com\/company\/de-rycke-verhuur-bvba\/"]}]}},"_links":{"self":[{"href":"https:\/\/staging.deryckeverhuur.be\/fr\/wp-json\/wp\/v2\/pages\/11457","targetHints":{"allow":["GET"]}}],"collection":[{"href":"https:\/\/staging.deryckeverhuur.be\/fr\/wp-json\/wp\/v2\/pages"}],"about":[{"href":"https:\/\/staging.deryckeverhuur.be\/fr\/wp-json\/wp\/v2\/types\/page"}],"author":[{"embeddable":true,"href":"https:\/\/staging.deryckeverhuur.be\/fr\/wp-json\/wp\/v2\/users\/1"}],"replies":[{"embeddable":true,"href":"https:\/\/staging.deryckeverhuur.be\/fr\/wp-json\/wp\/v2\/comments?post=11457"}],"version-history":[{"count":0,"href":"https:\/\/staging.deryckeverhuur.be\/fr\/wp-json\/wp\/v2\/pages\/11457\/revisions"}],"up":[{"embeddable":true,"href":"https:\/\/staging.deryckeverhuur.be\/fr\/wp-json\/wp\/v2\/pages\/11455"}],"wp:attachment":[{"href":"https:\/\/staging.deryckeverhuur.be\/fr\/wp-json\/wp\/v2\/media?parent=11457"}],"curies":[{"name":"wp","href":"https:\/\/api.w.org\/{rel}","templated":true}]}}