{"id":11459,"date":"2024-06-30T20:30:52","date_gmt":"2024-06-30T20:30:52","guid":{"rendered":"http:\/\/staging.deryckeverhuur.be\/huren\/woningbouw-burgerlijke-en-utiliteitsbouw\/"},"modified":"2024-12-03T20:40:06","modified_gmt":"2024-12-03T20:40:06","slug":"construction-residentielle-civile-et-non-residentielle","status":"publish","type":"page","link":"https:\/\/staging.deryckeverhuur.be\/fr\/louer\/construction-residentielle-civile-et-non-residentielle\/","title":{"rendered":"Construction r\u00e9sidentielle, civile et non r\u00e9sidentielle"},"content":{"rendered":"\t\t<div data-elementor-type=\"wp-page\" data-elementor-id=\"11459\" class=\"elementor elementor-11459 elementor-3015\" data-elementor-post-type=\"page\">\n\t\t\t\t<div class=\"elementor-element elementor-element-91c738c e-flex e-con-boxed e-con e-parent\" data-id=\"91c738c\" data-element_type=\"container\" data-settings=\"{&quot;background_background&quot;:&quot;classic&quot;}\">\n\t\t\t\t\t<div class=\"e-con-inner\">\n\t\t<div class=\"elementor-element elementor-element-2625d6b e-con-full e-flex e-con e-child\" data-id=\"2625d6b\" data-element_type=\"container\">\n\t\t\t\t<div class=\"elementor-element elementor-element-8879107 back-history elementor-invisible elementor-widget elementor-widget-button\" data-id=\"8879107\" data-element_type=\"widget\" data-settings=\"{&quot;_animation&quot;:&quot;fadeInUp&quot;,&quot;_animation_delay&quot;:200}\" data-widget_type=\"button.default\">\n\t\t\t\t\t\t\t\t\t\t<a class=\"elementor-button elementor-button-link elementor-size-sm\" href=\"#\">\n\t\t\t\t\t\t<span class=\"elementor-button-content-wrapper\">\n\t\t\t\t\t\t<span class=\"elementor-button-icon\">\n\t\t\t\t<svg aria-hidden=\"true\" class=\"e-font-icon-svg e-fas-chevron-left\" viewBox=\"0 0 320 512\" xmlns=\"http:\/\/www.w3.org\/2000\/svg\"><path d=\"M34.52 239.03L228.87 44.69c9.37-9.37 24.57-9.37 33.94 0l22.67 22.67c9.36 9.36 9.37 24.52.04 33.9L131.49 256l154.02 154.75c9.34 9.38 9.32 24.54-.04 33.9l-22.67 22.67c-9.37 9.37-24.57 9.37-33.94 0L34.52 272.97c-9.37-9.37-9.37-24.57 0-33.94z\"><\/path><\/svg>\t\t\t<\/span>\n\t\t\t\t\t\t\t\t\t<span class=\"elementor-button-text\">Retournez aux secteurs<\/span>\n\t\t\t\t\t<\/span>\n\t\t\t\t\t<\/a>\n\t\t\t\t\t\t\t\t<\/div>\n\t\t\t\t<div class=\"elementor-element elementor-element-b0f25a3 elementor-widget__width-initial elementor-widget-mobile__width-inherit elementor-invisible elementor-widget elementor-widget-heading\" data-id=\"b0f25a3\" data-element_type=\"widget\" data-settings=\"{&quot;_animation&quot;:&quot;fadeInUp&quot;,&quot;_animation_delay&quot;:400}\" data-widget_type=\"heading.default\">\n\t\t\t\t\t<h2 class=\"elementor-heading-title elementor-size-default\">D\u00e9couvrez nos machines que vous pouvez louer <b>pour la construction r\u00e9sidentielle, civile et commerciale<\/b><\/h2>\t\t\t\t<\/div>\n\t\t\t\t<\/div>\n\t\t<div class=\"elementor-element elementor-element-f37a799 e-con-full e-flex elementor-invisible e-con e-child\" data-id=\"f37a799\" data-element_type=\"container\" data-settings=\"{&quot;animation&quot;:&quot;fadeInUp&quot;,&quot;animation_delay&quot;:600}\">\n\t\t<div class=\"elementor-element elementor-element-9bb2fdb e-con-full e-flex e-con e-child\" data-id=\"9bb2fdb\" data-element_type=\"container\" data-settings=\"{&quot;background_background&quot;:&quot;classic&quot;}\">\n\t\t<div class=\"elementor-element elementor-element-0a3ea6c e-con-full e-flex e-con e-child\" data-id=\"0a3ea6c\" data-element_type=\"container\">\n\t\t\t\t<div class=\"elementor-element elementor-element-a7c4026 elementor-widget elementor-widget-heading\" data-id=\"a7c4026\" data-element_type=\"widget\" data-widget_type=\"heading.default\">\n\t\t\t\t\t<h5 class=\"elementor-heading-title elementor-size-default\">Ponts, tunnels et services publics<\/h5>\t\t\t\t<\/div>\n\t\t\t\t<div class=\"elementor-element elementor-element-b5efaa3 elementor-widget elementor-widget-heading\" data-id=\"b5efaa3\" data-element_type=\"widget\" data-widget_type=\"heading.default\">\n\t\t\t\t\t<p class=\"elementor-heading-title elementor-size-default\">Ce travail sp\u00e9cifique n\u00e9cessite des engins adaptes qui garantissent que les travaux peuvent \u00eatre r\u00e9alis\u00e9s sans probl\u00e8mes, en toute s\u00e9curit\u00e9 et dans les d\u00e9lais demand\u00e9s. <\/p>\t\t\t\t<\/div>\n\t\t\t\t<div class=\"elementor-element elementor-element-493004b elementor-widget elementor-widget-button\" data-id=\"493004b\" data-element_type=\"widget\" data-widget_type=\"button.default\">\n\t\t\t\t\t\t\t\t\t\t<a class=\"elementor-button elementor-button-link elementor-size-sm\" href=\"http:\/\/staging.deryckeverhuur.be\/fr\/sector\/ponts-tunnels-et-services-publics\/\">\n\t\t\t\t\t\t<span class=\"elementor-button-content-wrapper\">\n\t\t\t\t\t\t<span class=\"elementor-button-icon\">\n\t\t\t\t<svg aria-hidden=\"true\" class=\"e-font-icon-svg e-fas-chevron-right\" viewBox=\"0 0 320 512\" xmlns=\"http:\/\/www.w3.org\/2000\/svg\"><path d=\"M285.476 272.971L91.132 467.314c-9.373 9.373-24.569 9.373-33.941 0l-22.667-22.667c-9.357-9.357-9.375-24.522-.04-33.901L188.505 256 34.484 101.255c-9.335-9.379-9.317-24.544.04-33.901l22.667-22.667c9.373-9.373 24.569-9.373 33.941 0L285.475 239.03c9.373 9.372 9.373 24.568.001 33.941z\"><\/path><\/svg>\t\t\t<\/span>\n\t\t\t\t\t\t\t\t\t<span class=\"elementor-button-text\">Voir options<\/span>\n\t\t\t\t\t<\/span>\n\t\t\t\t\t<\/a>\n\t\t\t\t\t\t\t\t<\/div>\n\t\t\t\t<\/div>\n\t\t<div class=\"elementor-element elementor-element-72ac931 e-con-full e-flex e-con e-child\" data-id=\"72ac931\" data-element_type=\"container\" data-settings=\"{&quot;background_background&quot;:&quot;classic&quot;}\">\n\t\t\t\t<div class=\"elementor-element elementor-element-2b0b602 elementor-widget elementor-widget-spacer\" data-id=\"2b0b602\" data-element_type=\"widget\" data-widget_type=\"spacer.default\">\n\t\t\t\t\t\t\t<div class=\"elementor-spacer\">\n\t\t\t<div class=\"elementor-spacer-inner\"><\/div>\n\t\t<\/div>\n\t\t\t\t\t\t<\/div>\n\t\t\t\t<\/div>\n\t\t\t\t<\/div>\n\t\t<div class=\"elementor-element elementor-element-ea6fa36 e-con-full e-flex e-con e-child\" data-id=\"ea6fa36\" data-element_type=\"container\" data-settings=\"{&quot;background_background&quot;:&quot;classic&quot;}\">\n\t\t<div class=\"elementor-element elementor-element-b3b132e e-con-full e-flex e-con e-child\" data-id=\"b3b132e\" data-element_type=\"container\">\n\t\t\t\t<div class=\"elementor-element elementor-element-323326d elementor-widget elementor-widget-heading\" data-id=\"323326d\" data-element_type=\"widget\" data-widget_type=\"heading.default\">\n\t\t\t\t\t<h5 class=\"elementor-heading-title elementor-size-default\">Construction de commerces de d\u00e9tail, d'industrie et d'entrep\u00f4ts <\/h5>\t\t\t\t<\/div>\n\t\t\t\t<div class=\"elementor-element elementor-element-3706c56 elementor-widget elementor-widget-heading\" data-id=\"3706c56\" data-element_type=\"widget\" data-widget_type=\"heading.default\">\n\t\t\t\t\t<p class=\"elementor-heading-title elementor-size-default\">Un nouvel entrep\u00f4t ou un b\u00e2timent d\u2019entreprise ? Ou \u00eates-vous une entreprise travaillant sur la construction d\u2019un nouveau b\u00e2timent commercial ? Nos engins accompagnent votre projet.   <\/p>\t\t\t\t<\/div>\n\t\t\t\t<div class=\"elementor-element elementor-element-7b3478f elementor-widget elementor-widget-button\" data-id=\"7b3478f\" data-element_type=\"widget\" data-widget_type=\"button.default\">\n\t\t\t\t\t\t\t\t\t\t<a class=\"elementor-button elementor-button-link elementor-size-sm\" href=\"http:\/\/staging.deryckeverhuur.be\/fr\/sector\/construction-de-commerces-de-detail-dindustrie-et-dentrepots\/\">\n\t\t\t\t\t\t<span class=\"elementor-button-content-wrapper\">\n\t\t\t\t\t\t<span class=\"elementor-button-icon\">\n\t\t\t\t<svg aria-hidden=\"true\" class=\"e-font-icon-svg e-fas-chevron-right\" viewBox=\"0 0 320 512\" xmlns=\"http:\/\/www.w3.org\/2000\/svg\"><path d=\"M285.476 272.971L91.132 467.314c-9.373 9.373-24.569 9.373-33.941 0l-22.667-22.667c-9.357-9.357-9.375-24.522-.04-33.901L188.505 256 34.484 101.255c-9.335-9.379-9.317-24.544.04-33.901l22.667-22.667c9.373-9.373 24.569-9.373 33.941 0L285.475 239.03c9.373 9.372 9.373 24.568.001 33.941z\"><\/path><\/svg>\t\t\t<\/span>\n\t\t\t\t\t\t\t\t\t<span class=\"elementor-button-text\">Voir options<\/span>\n\t\t\t\t\t<\/span>\n\t\t\t\t\t<\/a>\n\t\t\t\t\t\t\t\t<\/div>\n\t\t\t\t<\/div>\n\t\t<div class=\"elementor-element elementor-element-f870b96 e-con-full e-flex e-con e-child\" data-id=\"f870b96\" data-element_type=\"container\" data-settings=\"{&quot;background_background&quot;:&quot;classic&quot;}\">\n\t\t\t\t<div class=\"elementor-element elementor-element-9d3dae3 elementor-widget elementor-widget-spacer\" data-id=\"9d3dae3\" data-element_type=\"widget\" data-widget_type=\"spacer.default\">\n\t\t\t\t\t\t\t<div class=\"elementor-spacer\">\n\t\t\t<div class=\"elementor-spacer-inner\"><\/div>\n\t\t<\/div>\n\t\t\t\t\t\t<\/div>\n\t\t\t\t<\/div>\n\t\t\t\t<\/div>\n\t\t\t\t<\/div>\n\t\t<div class=\"elementor-element elementor-element-bc3729b e-con-full e-flex elementor-invisible e-con e-child\" data-id=\"bc3729b\" data-element_type=\"container\" data-settings=\"{&quot;animation&quot;:&quot;fadeInUp&quot;,&quot;animation_delay&quot;:800}\">\n\t\t<div class=\"elementor-element elementor-element-89bd195 e-con-full e-flex e-con e-child\" data-id=\"89bd195\" data-element_type=\"container\" data-settings=\"{&quot;background_background&quot;:&quot;classic&quot;}\">\n\t\t<div class=\"elementor-element elementor-element-37fc0a0 e-con-full e-flex e-con e-child\" data-id=\"37fc0a0\" data-element_type=\"container\">\n\t\t\t\t<div class=\"elementor-element elementor-element-03bffd7 elementor-widget elementor-widget-heading\" data-id=\"03bffd7\" data-element_type=\"widget\" data-widget_type=\"heading.default\">\n\t\t\t\t\t<h5 class=\"elementor-heading-title elementor-size-default\">Construction r\u00e9sidentielle et d\u00e9veloppement de projets <\/h5>\t\t\t\t<\/div>\n\t\t\t\t<div class=\"elementor-element elementor-element-0c63547 elementor-widget elementor-widget-heading\" data-id=\"0c63547\" data-element_type=\"widget\" data-widget_type=\"heading.default\">\n\t\t\t\t\t<p class=\"elementor-heading-title elementor-size-default\">Que vous construisiez une maison mitoyenne, un immeuble d'habitation ou tout un quartier r\u00e9sidentiel, nous avons une solution pour chacun de ces travaux avec nos engins. <\/p>\t\t\t\t<\/div>\n\t\t\t\t<div class=\"elementor-element elementor-element-f360b5f elementor-widget elementor-widget-button\" data-id=\"f360b5f\" data-element_type=\"widget\" data-widget_type=\"button.default\">\n\t\t\t\t\t\t\t\t\t\t<a class=\"elementor-button elementor-button-link elementor-size-sm\" href=\"http:\/\/staging.deryckeverhuur.be\/fr\/sector\/construction-residentielle-et-developpement-de-projets\/\">\n\t\t\t\t\t\t<span class=\"elementor-button-content-wrapper\">\n\t\t\t\t\t\t<span class=\"elementor-button-icon\">\n\t\t\t\t<svg aria-hidden=\"true\" class=\"e-font-icon-svg e-fas-chevron-right\" viewBox=\"0 0 320 512\" xmlns=\"http:\/\/www.w3.org\/2000\/svg\"><path d=\"M285.476 272.971L91.132 467.314c-9.373 9.373-24.569 9.373-33.941 0l-22.667-22.667c-9.357-9.357-9.375-24.522-.04-33.901L188.505 256 34.484 101.255c-9.335-9.379-9.317-24.544.04-33.901l22.667-22.667c9.373-9.373 24.569-9.373 33.941 0L285.475 239.03c9.373 9.372 9.373 24.568.001 33.941z\"><\/path><\/svg>\t\t\t<\/span>\n\t\t\t\t\t\t\t\t\t<span class=\"elementor-button-text\">Voir options<\/span>\n\t\t\t\t\t<\/span>\n\t\t\t\t\t<\/a>\n\t\t\t\t\t\t\t\t<\/div>\n\t\t\t\t<\/div>\n\t\t<div class=\"elementor-element elementor-element-27ac27b e-con-full e-flex e-con e-child\" data-id=\"27ac27b\" data-element_type=\"container\" data-settings=\"{&quot;background_background&quot;:&quot;classic&quot;}\">\n\t\t\t\t<div class=\"elementor-element elementor-element-077797a elementor-widget elementor-widget-spacer\" data-id=\"077797a\" data-element_type=\"widget\" data-widget_type=\"spacer.default\">\n\t\t\t\t\t\t\t<div class=\"elementor-spacer\">\n\t\t\t<div class=\"elementor-spacer-inner\"><\/div>\n\t\t<\/div>\n\t\t\t\t\t\t<\/div>\n\t\t\t\t<\/div>\n\t\t\t\t<\/div>\n\t\t<div class=\"elementor-element elementor-element-21eb9a0 e-con-full e-flex e-con e-child\" data-id=\"21eb9a0\" data-element_type=\"container\" data-settings=\"{&quot;background_background&quot;:&quot;classic&quot;}\">\n\t\t<div class=\"elementor-element elementor-element-672d408 e-con-full e-flex e-con e-child\" data-id=\"672d408\" data-element_type=\"container\">\n\t\t\t\t<div class=\"elementor-element elementor-element-f562bb1 elementor-widget elementor-widget-heading\" data-id=\"f562bb1\" data-element_type=\"widget\" data-widget_type=\"heading.default\">\n\t\t\t\t\t<h5 class=\"elementor-heading-title elementor-size-default\">\u00c9tablissements de sant\u00e9 et installations de loisirs<\/h5>\t\t\t\t<\/div>\n\t\t\t\t<div class=\"elementor-element elementor-element-92a02f3 elementor-widget elementor-widget-heading\" data-id=\"92a02f3\" data-element_type=\"widget\" data-widget_type=\"heading.default\">\n\t\t\t\t\t<p class=\"elementor-heading-title elementor-size-default\">Participez-vous \u00e0 la construction du plus r\u00e9cent h\u00f4pital de votre ville ou de nouvelles infrastructures sportives sont-elles davantage votre type de projet ? De Rycke verhuur est votre partenaire engins.  <\/p>\t\t\t\t<\/div>\n\t\t\t\t<div class=\"elementor-element elementor-element-db66a17 elementor-widget elementor-widget-button\" data-id=\"db66a17\" data-element_type=\"widget\" data-widget_type=\"button.default\">\n\t\t\t\t\t\t\t\t\t\t<a class=\"elementor-button elementor-button-link elementor-size-sm\" href=\"http:\/\/staging.deryckeverhuur.be\/fr\/sector\/etablissements-de-sante-et-installations-de-loisirs\/\">\n\t\t\t\t\t\t<span class=\"elementor-button-content-wrapper\">\n\t\t\t\t\t\t<span class=\"elementor-button-icon\">\n\t\t\t\t<svg aria-hidden=\"true\" class=\"e-font-icon-svg e-fas-chevron-right\" viewBox=\"0 0 320 512\" xmlns=\"http:\/\/www.w3.org\/2000\/svg\"><path d=\"M285.476 272.971L91.132 467.314c-9.373 9.373-24.569 9.373-33.941 0l-22.667-22.667c-9.357-9.357-9.375-24.522-.04-33.901L188.505 256 34.484 101.255c-9.335-9.379-9.317-24.544.04-33.901l22.667-22.667c9.373-9.373 24.569-9.373 33.941 0L285.475 239.03c9.373 9.372 9.373 24.568.001 33.941z\"><\/path><\/svg>\t\t\t<\/span>\n\t\t\t\t\t\t\t\t\t<span class=\"elementor-button-text\">Voir options<\/span>\n\t\t\t\t\t<\/span>\n\t\t\t\t\t<\/a>\n\t\t\t\t\t\t\t\t<\/div>\n\t\t\t\t<\/div>\n\t\t<div class=\"elementor-element elementor-element-104a86b e-con-full e-flex e-con e-child\" data-id=\"104a86b\" data-element_type=\"container\" data-settings=\"{&quot;background_background&quot;:&quot;classic&quot;}\">\n\t\t\t\t<div class=\"elementor-element elementor-element-ddcb6e2 elementor-widget elementor-widget-spacer\" data-id=\"ddcb6e2\" data-element_type=\"widget\" data-widget_type=\"spacer.default\">\n\t\t\t\t\t\t\t<div class=\"elementor-spacer\">\n\t\t\t<div class=\"elementor-spacer-inner\"><\/div>\n\t\t<\/div>\n\t\t\t\t\t\t<\/div>\n\t\t\t\t<\/div>\n\t\t\t\t<\/div>\n\t\t\t\t<\/div>\n\t\t\t\t\t<\/div>\n\t\t\t\t<\/div>\n\t\t\t\t<\/div>\n\t\t","protected":false},"excerpt":{"rendered":"<p>Retournez aux secteurs D\u00e9couvrez nos machines que vous pouvez louer pour la construction r\u00e9sidentielle, civile et commerciale Ponts, tunnels et services publics Ce travail sp\u00e9cifique n\u00e9cessite des engins adaptes qui garantissent que les travaux peuvent \u00eatre r\u00e9alis\u00e9s sans probl\u00e8mes, en toute s\u00e9curit\u00e9 et dans les d\u00e9lais demand\u00e9s. Voir options Construction de commerces de d\u00e9tail, d&rsquo;industrie [&hellip;]<\/p>\n","protected":false},"author":1,"featured_media":0,"parent":11455,"menu_order":7,"comment_status":"closed","ping_status":"closed","template":"elementor_header_footer","meta":{"_acf_changed":false,"footnotes":""},"class_list":["post-11459","page","type-page","status-publish","hentry"],"acf":[],"yoast_head":"<!-- This site is optimized with the Yoast SEO plugin v27.5 - https:\/\/yoast.com\/product\/yoast-seo-wordpress\/ -->\n<title>Construction r\u00e9sidentielle, civile et non r\u00e9sidentielle | De Rycke Verhuur<\/title>\n<meta name=\"description\" content=\"Retournez aux secteurs D\u00e9couvrez nos machines que vous pouvez louer pour la construction r\u00e9sidentielle, civile et commerciale Ponts, tunnels et services - De Rycke Verhuur\" \/>\n<meta name=\"robots\" content=\"noindex, follow, max-snippet:-1, max-image-preview:large, max-video-preview:-1\" \/>\n<meta property=\"og:locale\" content=\"fr_FR\" \/>\n<meta property=\"og:type\" content=\"article\" \/>\n<meta property=\"og:title\" content=\"Construction r\u00e9sidentielle, civile et non r\u00e9sidentielle | De Rycke Verhuur\" \/>\n<meta property=\"og:description\" content=\"Retournez aux secteurs D\u00e9couvrez nos machines que vous pouvez louer pour la construction r\u00e9sidentielle, civile et commerciale Ponts, tunnels et services - De Rycke Verhuur\" \/>\n<meta property=\"og:url\" content=\"https:\/\/staging.deryckeverhuur.be\/fr\/louer\/construction-residentielle-civile-et-non-residentielle\/\" \/>\n<meta property=\"og:site_name\" content=\"De Rycke Verhuur\" \/>\n<meta property=\"article:publisher\" content=\"https:\/\/www.facebook.com\/deryckeverhuur\/\" \/>\n<meta property=\"article:modified_time\" content=\"2024-12-03T20:40:06+00:00\" \/>\n<meta property=\"og:image\" content=\"https:\/\/staging.deryckeverhuur.be\/wp-content\/uploads\/2024\/10\/Capture21-1206x800-1.png\" \/>\n\t<meta property=\"og:image:width\" content=\"1206\" \/>\n\t<meta property=\"og:image:height\" content=\"800\" \/>\n\t<meta property=\"og:image:type\" content=\"image\/png\" \/>\n<meta name=\"twitter:card\" content=\"summary_large_image\" \/>\n<meta name=\"twitter:label1\" content=\"Dur\u00e9e de lecture estim\u00e9e\" \/>\n\t<meta name=\"twitter:data1\" content=\"1 minute\" \/>\n<script type=\"application\/ld+json\" class=\"yoast-schema-graph\">{\"@context\":\"https:\\\/\\\/schema.org\",\"@graph\":[{\"@type\":\"WebPage\",\"@id\":\"https:\\\/\\\/staging.deryckeverhuur.be\\\/fr\\\/louer\\\/construction-residentielle-civile-et-non-residentielle\\\/\",\"url\":\"https:\\\/\\\/staging.deryckeverhuur.be\\\/fr\\\/louer\\\/construction-residentielle-civile-et-non-residentielle\\\/\",\"name\":\"Construction r\u00e9sidentielle, civile et non r\u00e9sidentielle | De Rycke Verhuur\",\"isPartOf\":{\"@id\":\"http:\\\/\\\/staging.deryckeverhuur.be\\\/#website\"},\"datePublished\":\"2024-06-30T20:30:52+00:00\",\"dateModified\":\"2024-12-03T20:40:06+00:00\",\"description\":\"Retournez aux secteurs D\u00e9couvrez nos machines que vous pouvez louer pour la construction r\u00e9sidentielle, civile et commerciale Ponts, tunnels et services - De Rycke Verhuur\",\"breadcrumb\":{\"@id\":\"https:\\\/\\\/staging.deryckeverhuur.be\\\/fr\\\/louer\\\/construction-residentielle-civile-et-non-residentielle\\\/#breadcrumb\"},\"inLanguage\":\"fr-FR\",\"potentialAction\":[{\"@type\":\"ReadAction\",\"target\":[\"https:\\\/\\\/staging.deryckeverhuur.be\\\/fr\\\/louer\\\/construction-residentielle-civile-et-non-residentielle\\\/\"]}]},{\"@type\":\"BreadcrumbList\",\"@id\":\"https:\\\/\\\/staging.deryckeverhuur.be\\\/fr\\\/louer\\\/construction-residentielle-civile-et-non-residentielle\\\/#breadcrumb\",\"itemListElement\":[{\"@type\":\"ListItem\",\"position\":1,\"name\":\"Accueil\",\"item\":\"http:\\\/\\\/staging.deryckeverhuur.be\\\/fr\\\/\"},{\"@type\":\"ListItem\",\"position\":2,\"name\":\"Louer\",\"item\":\"https:\\\/\\\/staging.deryckeverhuur.be\\\/fr\\\/louer\\\/\"},{\"@type\":\"ListItem\",\"position\":3,\"name\":\"Construction r\u00e9sidentielle, civile et non r\u00e9sidentielle\"}]},{\"@type\":\"WebSite\",\"@id\":\"http:\\\/\\\/staging.deryckeverhuur.be\\\/#website\",\"url\":\"http:\\\/\\\/staging.deryckeverhuur.be\\\/\",\"name\":\"De Rycke Verhuur\",\"description\":\"\",\"publisher\":{\"@id\":\"http:\\\/\\\/staging.deryckeverhuur.be\\\/#organization\"},\"potentialAction\":[{\"@type\":\"SearchAction\",\"target\":{\"@type\":\"EntryPoint\",\"urlTemplate\":\"http:\\\/\\\/staging.deryckeverhuur.be\\\/?s={search_term_string}\"},\"query-input\":{\"@type\":\"PropertyValueSpecification\",\"valueRequired\":true,\"valueName\":\"search_term_string\"}}],\"inLanguage\":\"fr-FR\"},{\"@type\":\"Organization\",\"@id\":\"http:\\\/\\\/staging.deryckeverhuur.be\\\/#organization\",\"name\":\"De Rycke Verhuur\",\"url\":\"http:\\\/\\\/staging.deryckeverhuur.be\\\/\",\"logo\":{\"@type\":\"ImageObject\",\"inLanguage\":\"fr-FR\",\"@id\":\"http:\\\/\\\/staging.deryckeverhuur.be\\\/#\\\/schema\\\/logo\\\/image\\\/\",\"url\":\"https:\\\/\\\/www.deryckerental.be\\\/wp-content\\\/uploads\\\/2024\\\/04\\\/3f11ca52e320acac5665453f083372b2.png\",\"contentUrl\":\"https:\\\/\\\/www.deryckerental.be\\\/wp-content\\\/uploads\\\/2024\\\/04\\\/3f11ca52e320acac5665453f083372b2.png\",\"width\":2560,\"height\":624,\"caption\":\"De Rycke Verhuur\"},\"image\":{\"@id\":\"http:\\\/\\\/staging.deryckeverhuur.be\\\/#\\\/schema\\\/logo\\\/image\\\/\"},\"sameAs\":[\"https:\\\/\\\/www.facebook.com\\\/deryckeverhuur\\\/\",\"https:\\\/\\\/www.instagram.com\\\/deryckeverhuur\\\/\",\"https:\\\/\\\/www.linkedin.com\\\/company\\\/de-rycke-verhuur-bvba\\\/\"]}]}<\/script>\n<!-- \/ Yoast SEO plugin. -->","yoast_head_json":{"title":"Construction r\u00e9sidentielle, civile et non r\u00e9sidentielle | De Rycke Verhuur","description":"Retournez aux secteurs D\u00e9couvrez nos machines que vous pouvez louer pour la construction r\u00e9sidentielle, civile et commerciale Ponts, tunnels et services - De Rycke Verhuur","robots":{"index":"noindex","follow":"follow","max-snippet":"max-snippet:-1","max-image-preview":"max-image-preview:large","max-video-preview":"max-video-preview:-1"},"og_locale":"fr_FR","og_type":"article","og_title":"Construction r\u00e9sidentielle, civile et non r\u00e9sidentielle | De Rycke Verhuur","og_description":"Retournez aux secteurs D\u00e9couvrez nos machines que vous pouvez louer pour la construction r\u00e9sidentielle, civile et commerciale Ponts, tunnels et services - De Rycke Verhuur","og_url":"https:\/\/staging.deryckeverhuur.be\/fr\/louer\/construction-residentielle-civile-et-non-residentielle\/","og_site_name":"De Rycke Verhuur","article_publisher":"https:\/\/www.facebook.com\/deryckeverhuur\/","article_modified_time":"2024-12-03T20:40:06+00:00","og_image":[{"width":1206,"height":800,"url":"https:\/\/staging.deryckeverhuur.be\/wp-content\/uploads\/2024\/10\/Capture21-1206x800-1.png","type":"image\/png"}],"twitter_card":"summary_large_image","twitter_misc":{"Dur\u00e9e de lecture estim\u00e9e":"1 minute"},"schema":{"@context":"https:\/\/schema.org","@graph":[{"@type":"WebPage","@id":"https:\/\/staging.deryckeverhuur.be\/fr\/louer\/construction-residentielle-civile-et-non-residentielle\/","url":"https:\/\/staging.deryckeverhuur.be\/fr\/louer\/construction-residentielle-civile-et-non-residentielle\/","name":"Construction r\u00e9sidentielle, civile et non r\u00e9sidentielle | De Rycke Verhuur","isPartOf":{"@id":"http:\/\/staging.deryckeverhuur.be\/#website"},"datePublished":"2024-06-30T20:30:52+00:00","dateModified":"2024-12-03T20:40:06+00:00","description":"Retournez aux secteurs D\u00e9couvrez nos machines que vous pouvez louer pour la construction r\u00e9sidentielle, civile et commerciale Ponts, tunnels et services - De Rycke Verhuur","breadcrumb":{"@id":"https:\/\/staging.deryckeverhuur.be\/fr\/louer\/construction-residentielle-civile-et-non-residentielle\/#breadcrumb"},"inLanguage":"fr-FR","potentialAction":[{"@type":"ReadAction","target":["https:\/\/staging.deryckeverhuur.be\/fr\/louer\/construction-residentielle-civile-et-non-residentielle\/"]}]},{"@type":"BreadcrumbList","@id":"https:\/\/staging.deryckeverhuur.be\/fr\/louer\/construction-residentielle-civile-et-non-residentielle\/#breadcrumb","itemListElement":[{"@type":"ListItem","position":1,"name":"Accueil","item":"http:\/\/staging.deryckeverhuur.be\/fr\/"},{"@type":"ListItem","position":2,"name":"Louer","item":"https:\/\/staging.deryckeverhuur.be\/fr\/louer\/"},{"@type":"ListItem","position":3,"name":"Construction r\u00e9sidentielle, civile et non r\u00e9sidentielle"}]},{"@type":"WebSite","@id":"http:\/\/staging.deryckeverhuur.be\/#website","url":"http:\/\/staging.deryckeverhuur.be\/","name":"De Rycke Verhuur","description":"","publisher":{"@id":"http:\/\/staging.deryckeverhuur.be\/#organization"},"potentialAction":[{"@type":"SearchAction","target":{"@type":"EntryPoint","urlTemplate":"http:\/\/staging.deryckeverhuur.be\/?s={search_term_string}"},"query-input":{"@type":"PropertyValueSpecification","valueRequired":true,"valueName":"search_term_string"}}],"inLanguage":"fr-FR"},{"@type":"Organization","@id":"http:\/\/staging.deryckeverhuur.be\/#organization","name":"De Rycke Verhuur","url":"http:\/\/staging.deryckeverhuur.be\/","logo":{"@type":"ImageObject","inLanguage":"fr-FR","@id":"http:\/\/staging.deryckeverhuur.be\/#\/schema\/logo\/image\/","url":"https:\/\/www.deryckerental.be\/wp-content\/uploads\/2024\/04\/3f11ca52e320acac5665453f083372b2.png","contentUrl":"https:\/\/www.deryckerental.be\/wp-content\/uploads\/2024\/04\/3f11ca52e320acac5665453f083372b2.png","width":2560,"height":624,"caption":"De Rycke Verhuur"},"image":{"@id":"http:\/\/staging.deryckeverhuur.be\/#\/schema\/logo\/image\/"},"sameAs":["https:\/\/www.facebook.com\/deryckeverhuur\/","https:\/\/www.instagram.com\/deryckeverhuur\/","https:\/\/www.linkedin.com\/company\/de-rycke-verhuur-bvba\/"]}]}},"_links":{"self":[{"href":"https:\/\/staging.deryckeverhuur.be\/fr\/wp-json\/wp\/v2\/pages\/11459","targetHints":{"allow":["GET"]}}],"collection":[{"href":"https:\/\/staging.deryckeverhuur.be\/fr\/wp-json\/wp\/v2\/pages"}],"about":[{"href":"https:\/\/staging.deryckeverhuur.be\/fr\/wp-json\/wp\/v2\/types\/page"}],"author":[{"embeddable":true,"href":"https:\/\/staging.deryckeverhuur.be\/fr\/wp-json\/wp\/v2\/users\/1"}],"replies":[{"embeddable":true,"href":"https:\/\/staging.deryckeverhuur.be\/fr\/wp-json\/wp\/v2\/comments?post=11459"}],"version-history":[{"count":0,"href":"https:\/\/staging.deryckeverhuur.be\/fr\/wp-json\/wp\/v2\/pages\/11459\/revisions"}],"up":[{"embeddable":true,"href":"https:\/\/staging.deryckeverhuur.be\/fr\/wp-json\/wp\/v2\/pages\/11455"}],"wp:attachment":[{"href":"https:\/\/staging.deryckeverhuur.be\/fr\/wp-json\/wp\/v2\/media?parent=11459"}],"curies":[{"name":"wp","href":"https:\/\/api.w.org\/{rel}","templated":true}]}}